{"id":12,"date":"2013-08-09T16:40:53","date_gmt":"2013-08-09T14:40:53","guid":{"rendered":"http:\/\/www.bach-bogen.de\/blog\/thecellotoday\/?page_id=12"},"modified":"2024-03-26T18:49:36","modified_gmt":"2024-03-26T16:49:36","slug":"about-this-blog","status":"publish","type":"page","link":"https:\/\/www.bach-bogen.de\/blog\/thecelloupgrade\/about-this-blog\/","title":{"rendered":"about this blog"},"content":{"rendered":"<hr \/>\n<p>&nbsp;<\/p>\n<p style=\"text-align: center;\">ENGLISH<\/p>\n<p style=\"text-align: center;\"><img loading=\"lazy\" decoding=\"async\" class=\"alignnone size-full wp-image-41\" src=\"http:\/\/www.bach-bogen.de\/blog\/thecelloupgrade\/wp-content\/uploads\/sites\/3\/2013\/08\/Britain.jpg\" alt=\"Britain\" width=\"38\" height=\"24\" \/><\/p>\n<p>\u201e<em><b>the cello upgrade<\/b>&#8220;<\/em><\/p>\n<p>devotes itself to new music for cello.<\/p>\n<p>The blog focuses on the cello without imposing the usual limitations. The thematic lines are quite broad. Related subjects and instruments such as the violin, live electronics and digital sound production, and even visual aspects can be discussed here.<\/p>\n<p>In particular with the works by Arnold Schoenberg, Anton Webern, Bernd Alois Zimmermann, Iannis Xenakis or John Cage, Dieter Schnebel and Morton Feldman the cello has opened strikingly new perspectives.<\/p>\n<p align=\"center\">~<\/p>\n<p>I would like to encourage those concerned to exchange experiences and ideas about all this. It doesn\u2019t stop at national borders but it is a cross-border project. Hence in this blog, no language (English, German, French) takes preference over any other. I myself will write mainly in German. Therefore, I would like to encourage the individual contributions being translated once in a while by the users of this blog, to the advantage of all.<\/p>\n<p>I ask users to express themselves as concisely as possible specifically referring to what this blog says. If it is linked to an external content, this should be explained. So, no promotions or simple concert announcements, please. For such information please use the forums on Facebook etc.<\/p>\n<p>By sending their contributions the authors transfer copyright to the blog operator. I. e., the texts are freely quotable at full length, provided the author is named. All author\u2019s rights remain of course with the authors.<\/p>\n<p>Michael Bach<\/p>\n<hr \/>\n<p>&nbsp;<\/p>\n<p style=\"text-align: center;\"><span style=\"font-family: Tahoma;\"><span style=\"font-family: b6fee98124fcbc850307af60#880500;\">DEUTSCH<\/span><\/span><\/p>\n<p style=\"text-align: center;\"><img loading=\"lazy\" decoding=\"async\" class=\"alignnone size-full wp-image-40\" src=\"http:\/\/www.bach-bogen.de\/blog\/thecelloupgrade\/wp-content\/uploads\/sites\/3\/2013\/08\/Germany.jpg\" alt=\"Germany\" width=\"38\" height=\"24\" \/><\/p>\n<p>&nbsp;<\/p>\n<p>\u201e<em><b>the cello upgrade<\/b>&#8220;<\/em><\/p>\n<p>widmet sich der Neuen Musik f\u00fcr Cello.<\/p>\n<p>Das Blog r\u00fcckt das Violoncello in den Mittelpunkt, ohne die \u00fcblichen Grenzen zu ziehen. Die thematische Spannbreite ist eher weitgefa\u00dft. Verwandte Themen und Instrumente wie die Violine, Live-Elektronik, sowie digitale Klangproduktion, sogar visuelle Aspekte k\u00f6nnen hier er\u00f6rtert werden.<\/p>\n<p>Das Cello hat insbesondere in der Verwendung bei Arnold Schoenberg, Anton Webern, Bernd Alois Zimmermann, Iannis Xenakis oder John Cage, Dieter Schnebel und Morton Feldman exemplarisch neue Sichtweisen er\u00f6ffnet.<\/p>\n<p align=\"center\">~<\/p>\n<p>Ich m\u00f6chte dazu ermutigen, Erfahrungen und Gedanken zu diesen Themenkomplexen auszutauschen. Dies macht vor L\u00e4ndergrenzen keinen Halt. Deshalb wird in diesem Blog auch keine Sprache (Englisch, Deutsch, Franz\u00f6sisch) bevorzugt oder festgelegt. Ich selbst werde vorwiegend auf Deutsch schreiben. Anregen m\u00f6chte ich deshalb, da\u00df die einzelnen Beitr\u00e4ge hin und wieder von den Nutzern dieses Blogs \u00fcbersetzt werden, zum Vorteil aller Beteiligten.<\/p>\n<p>Ich bitte das Motto \u201eSubstanz in K\u00fcrze&#8221; zu beachten. Damit meine ich, da\u00df eigenst\u00e4ndige Beitr\u00e4ge, spezifisch auf dieses Blog bezogene Inhalte erw\u00fcnscht sind. Sollte einmal auf einen externen Inhalt verlinkt werden, so w\u00e4re das zu erkl\u00e4ren. Also bitte keine Promotion betreiben oder blo\u00dfe Konzertank\u00fcndigungen mitteilen. Hierf\u00fcr dienen die Foren auf Facebook etc.<\/p>\n<p>Die Autoren \u00fcbertragen mit der Zusendung ihrer Beitr\u00e4ge ein Copyright an den Blog-Betreiber. D. h. die Texte sind frei zitierbar, auch in ihrer vollen L\u00e4nge, unter der Bedingung der Namensnennung des jeweiligen Autors. Alle Urheberrechte verbleiben selbstverst\u00e4ndlich bei den Autoren.<\/p>\n<p>Michael Bach<\/p>\n<p style=\"text-align: left;\">\n","protected":false},"excerpt":{"rendered":"<p>&nbsp; ENGLISH \u201ethe cello upgrade&#8220; devotes itself to new music for cello. The blog focuses on the cello without imposing the usual limitations. The thematic lines are quite broad. Related subjects and instruments such as the violin, live electronics and digital sound production, and even visual aspects can be discussed here. In particular with the [&hellip;]<\/p>\n","protected":false},"author":1,"featured_media":0,"parent":0,"menu_order":0,"comment_status":"open","ping_status":"open","template":"","meta":{"footnotes":""},"class_list":["post-12","page","type-page","status-publish","hentry"],"yoast_head":"<!-- This site is optimized with the Yoast SEO plugin v26.9 - https:\/\/yoast.com\/product\/yoast-seo-wordpress\/ -->\n<title>about this blog - the cello upgrade<\/title>\n<meta name=\"description\" content=\"Learn about Michael Bach, his music projects, and insights into solo violin and cello performance at the bach update.\" \/>\n<meta name=\"robots\" content=\"index, follow, max-snippet:-1, max-image-preview:large, max-video-preview:-1\" \/>\n<link rel=\"canonical\" href=\"https:\/\/www.bach-bogen.de\/blog\/thecelloupgrade\/about-this-blog\/\" \/>\n<meta property=\"og:locale\" content=\"en_US\" \/>\n<meta property=\"og:type\" content=\"article\" \/>\n<meta property=\"og:title\" content=\"about this blog - the cello upgrade\" \/>\n<meta property=\"og:description\" content=\"Learn about Michael Bach, his music projects, and insights into solo violin and cello performance at the bach update.\" \/>\n<meta property=\"og:url\" content=\"https:\/\/www.bach-bogen.de\/blog\/thecelloupgrade\/about-this-blog\/\" \/>\n<meta property=\"og:site_name\" content=\"the cello upgrade\" \/>\n<meta property=\"article:publisher\" content=\"https:\/\/www.facebook.com\/bach.bogen\" \/>\n<meta property=\"article:modified_time\" content=\"2024-03-26T16:49:36+00:00\" \/>\n<meta property=\"og:image\" content=\"https:\/\/www.bach-bogen.de\/blog\/thecelloupgrade\/wp-content\/uploads\/sites\/3\/2013\/08\/Britain.jpg\" \/>\n\t<meta property=\"og:image:width\" content=\"38\" \/>\n\t<meta property=\"og:image:height\" content=\"24\" \/>\n\t<meta property=\"og:image:type\" content=\"image\/jpeg\" \/>\n<meta name=\"twitter:card\" content=\"summary_large_image\" \/>\n<meta name=\"twitter:label1\" content=\"Est. reading time\" \/>\n\t<meta name=\"twitter:data1\" content=\"2 minutes\" \/>\n<script type=\"application\/ld+json\" class=\"yoast-schema-graph\">{\"@context\":\"https:\/\/schema.org\",\"@graph\":[{\"@type\":\"WebPage\",\"@id\":\"https:\/\/www.bach-bogen.de\/blog\/thecelloupgrade\/about-this-blog\/\",\"url\":\"https:\/\/www.bach-bogen.de\/blog\/thecelloupgrade\/about-this-blog\/\",\"name\":\"about this blog - the cello upgrade\",\"isPartOf\":{\"@id\":\"https:\/\/www.bach-bogen.de\/blog\/thecelloupgrade\/#website\"},\"primaryImageOfPage\":{\"@id\":\"https:\/\/www.bach-bogen.de\/blog\/thecelloupgrade\/about-this-blog\/#primaryimage\"},\"image\":{\"@id\":\"https:\/\/www.bach-bogen.de\/blog\/thecelloupgrade\/about-this-blog\/#primaryimage\"},\"thumbnailUrl\":\"http:\/\/www.bach-bogen.de\/blog\/thecelloupgrade\/wp-content\/uploads\/sites\/3\/2013\/08\/Britain.jpg\",\"datePublished\":\"2013-08-09T14:40:53+00:00\",\"dateModified\":\"2024-03-26T16:49:36+00:00\",\"description\":\"Learn about Michael Bach, his music projects, and insights into solo violin and cello performance at the bach update.\",\"breadcrumb\":{\"@id\":\"https:\/\/www.bach-bogen.de\/blog\/thecelloupgrade\/about-this-blog\/#breadcrumb\"},\"inLanguage\":\"en-US\",\"potentialAction\":[{\"@type\":\"ReadAction\",\"target\":[\"https:\/\/www.bach-bogen.de\/blog\/thecelloupgrade\/about-this-blog\/\"]}]},{\"@type\":\"ImageObject\",\"inLanguage\":\"en-US\",\"@id\":\"https:\/\/www.bach-bogen.de\/blog\/thecelloupgrade\/about-this-blog\/#primaryimage\",\"url\":\"https:\/\/www.bach-bogen.de\/blog\/thecelloupgrade\/wp-content\/uploads\/sites\/3\/2013\/08\/Britain.jpg\",\"contentUrl\":\"https:\/\/www.bach-bogen.de\/blog\/thecelloupgrade\/wp-content\/uploads\/sites\/3\/2013\/08\/Britain.jpg\",\"width\":38,\"height\":24},{\"@type\":\"BreadcrumbList\",\"@id\":\"https:\/\/www.bach-bogen.de\/blog\/thecelloupgrade\/about-this-blog\/#breadcrumb\",\"itemListElement\":[{\"@type\":\"ListItem\",\"position\":1,\"name\":\"Home\",\"item\":\"https:\/\/www.bach-bogen.de\/blog\/thecelloupgrade\/\"},{\"@type\":\"ListItem\",\"position\":2,\"name\":\"about this blog\"}]},{\"@type\":\"WebSite\",\"@id\":\"https:\/\/www.bach-bogen.de\/blog\/thecelloupgrade\/#website\",\"url\":\"https:\/\/www.bach-bogen.de\/blog\/thecelloupgrade\/\",\"name\":\"the cello upgrade\",\"description\":\"new ideas. new developments.\",\"publisher\":{\"@id\":\"https:\/\/www.bach-bogen.de\/blog\/thecelloupgrade\/#\/schema\/person\/4906b4e1a893eec4d151371e0817bae0\"},\"potentialAction\":[{\"@type\":\"SearchAction\",\"target\":{\"@type\":\"EntryPoint\",\"urlTemplate\":\"https:\/\/www.bach-bogen.de\/blog\/thecelloupgrade\/?s={search_term_string}\"},\"query-input\":{\"@type\":\"PropertyValueSpecification\",\"valueRequired\":true,\"valueName\":\"search_term_string\"}}],\"inLanguage\":\"en-US\"},{\"@type\":[\"Person\",\"Organization\"],\"@id\":\"https:\/\/www.bach-bogen.de\/blog\/thecelloupgrade\/#\/schema\/person\/4906b4e1a893eec4d151371e0817bae0\",\"name\":\"Michael Bach\",\"image\":{\"@type\":\"ImageObject\",\"inLanguage\":\"en-US\",\"@id\":\"https:\/\/www.bach-bogen.de\/blog\/thecelloupgrade\/#\/schema\/person\/image\/\",\"url\":\"https:\/\/www.bach-bogen.de\/blog\/thecelloupgrade\/wp-content\/uploads\/sites\/3\/2025\/12\/Urtext-Klartext-Teil-3-4-.jpg\",\"contentUrl\":\"https:\/\/www.bach-bogen.de\/blog\/thecelloupgrade\/wp-content\/uploads\/sites\/3\/2025\/12\/Urtext-Klartext-Teil-3-4-.jpg\",\"width\":567,\"height\":566,\"caption\":\"Michael Bach\"},\"logo\":{\"@id\":\"https:\/\/www.bach-bogen.de\/blog\/thecelloupgrade\/#\/schema\/person\/image\/\"},\"sameAs\":[\"http:\/\/www.bach-bogen.de\",\"https:\/\/www.facebook.com\/bach.bogen\",\"https:\/\/www.linkedin.com\/in\/michael-bach-320201354\/\",\"https:\/\/www.youtube.com\/@AtelierBACHBogen\",\"https:\/\/en.wikipedia.org\/wiki\/Michael_Bach_(musician)\"]}]}<\/script>\n<!-- \/ Yoast SEO plugin. -->","yoast_head_json":{"title":"about this blog - the cello upgrade","description":"Learn about Michael Bach, his music projects, and insights into solo violin and cello performance at the bach update.","robots":{"index":"index","follow":"follow","max-snippet":"max-snippet:-1","max-image-preview":"max-image-preview:large","max-video-preview":"max-video-preview:-1"},"canonical":"https:\/\/www.bach-bogen.de\/blog\/thecelloupgrade\/about-this-blog\/","og_locale":"en_US","og_type":"article","og_title":"about this blog - the cello upgrade","og_description":"Learn about Michael Bach, his music projects, and insights into solo violin and cello performance at the bach update.","og_url":"https:\/\/www.bach-bogen.de\/blog\/thecelloupgrade\/about-this-blog\/","og_site_name":"the cello upgrade","article_publisher":"https:\/\/www.facebook.com\/bach.bogen","article_modified_time":"2024-03-26T16:49:36+00:00","og_image":[{"width":38,"height":24,"url":"https:\/\/www.bach-bogen.de\/blog\/thecelloupgrade\/wp-content\/uploads\/sites\/3\/2013\/08\/Britain.jpg","type":"image\/jpeg"}],"twitter_card":"summary_large_image","twitter_misc":{"Est. reading time":"2 minutes"},"schema":{"@context":"https:\/\/schema.org","@graph":[{"@type":"WebPage","@id":"https:\/\/www.bach-bogen.de\/blog\/thecelloupgrade\/about-this-blog\/","url":"https:\/\/www.bach-bogen.de\/blog\/thecelloupgrade\/about-this-blog\/","name":"about this blog - the cello upgrade","isPartOf":{"@id":"https:\/\/www.bach-bogen.de\/blog\/thecelloupgrade\/#website"},"primaryImageOfPage":{"@id":"https:\/\/www.bach-bogen.de\/blog\/thecelloupgrade\/about-this-blog\/#primaryimage"},"image":{"@id":"https:\/\/www.bach-bogen.de\/blog\/thecelloupgrade\/about-this-blog\/#primaryimage"},"thumbnailUrl":"http:\/\/www.bach-bogen.de\/blog\/thecelloupgrade\/wp-content\/uploads\/sites\/3\/2013\/08\/Britain.jpg","datePublished":"2013-08-09T14:40:53+00:00","dateModified":"2024-03-26T16:49:36+00:00","description":"Learn about Michael Bach, his music projects, and insights into solo violin and cello performance at the bach update.","breadcrumb":{"@id":"https:\/\/www.bach-bogen.de\/blog\/thecelloupgrade\/about-this-blog\/#breadcrumb"},"inLanguage":"en-US","potentialAction":[{"@type":"ReadAction","target":["https:\/\/www.bach-bogen.de\/blog\/thecelloupgrade\/about-this-blog\/"]}]},{"@type":"ImageObject","inLanguage":"en-US","@id":"https:\/\/www.bach-bogen.de\/blog\/thecelloupgrade\/about-this-blog\/#primaryimage","url":"https:\/\/www.bach-bogen.de\/blog\/thecelloupgrade\/wp-content\/uploads\/sites\/3\/2013\/08\/Britain.jpg","contentUrl":"https:\/\/www.bach-bogen.de\/blog\/thecelloupgrade\/wp-content\/uploads\/sites\/3\/2013\/08\/Britain.jpg","width":38,"height":24},{"@type":"BreadcrumbList","@id":"https:\/\/www.bach-bogen.de\/blog\/thecelloupgrade\/about-this-blog\/#breadcrumb","itemListElement":[{"@type":"ListItem","position":1,"name":"Home","item":"https:\/\/www.bach-bogen.de\/blog\/thecelloupgrade\/"},{"@type":"ListItem","position":2,"name":"about this blog"}]},{"@type":"WebSite","@id":"https:\/\/www.bach-bogen.de\/blog\/thecelloupgrade\/#website","url":"https:\/\/www.bach-bogen.de\/blog\/thecelloupgrade\/","name":"the cello upgrade","description":"new ideas. new developments.","publisher":{"@id":"https:\/\/www.bach-bogen.de\/blog\/thecelloupgrade\/#\/schema\/person\/4906b4e1a893eec4d151371e0817bae0"},"potentialAction":[{"@type":"SearchAction","target":{"@type":"EntryPoint","urlTemplate":"https:\/\/www.bach-bogen.de\/blog\/thecelloupgrade\/?s={search_term_string}"},"query-input":{"@type":"PropertyValueSpecification","valueRequired":true,"valueName":"search_term_string"}}],"inLanguage":"en-US"},{"@type":["Person","Organization"],"@id":"https:\/\/www.bach-bogen.de\/blog\/thecelloupgrade\/#\/schema\/person\/4906b4e1a893eec4d151371e0817bae0","name":"Michael Bach","image":{"@type":"ImageObject","inLanguage":"en-US","@id":"https:\/\/www.bach-bogen.de\/blog\/thecelloupgrade\/#\/schema\/person\/image\/","url":"https:\/\/www.bach-bogen.de\/blog\/thecelloupgrade\/wp-content\/uploads\/sites\/3\/2025\/12\/Urtext-Klartext-Teil-3-4-.jpg","contentUrl":"https:\/\/www.bach-bogen.de\/blog\/thecelloupgrade\/wp-content\/uploads\/sites\/3\/2025\/12\/Urtext-Klartext-Teil-3-4-.jpg","width":567,"height":566,"caption":"Michael Bach"},"logo":{"@id":"https:\/\/www.bach-bogen.de\/blog\/thecelloupgrade\/#\/schema\/person\/image\/"},"sameAs":["http:\/\/www.bach-bogen.de","https:\/\/www.facebook.com\/bach.bogen","https:\/\/www.linkedin.com\/in\/michael-bach-320201354\/","https:\/\/www.youtube.com\/@AtelierBACHBogen","https:\/\/en.wikipedia.org\/wiki\/Michael_Bach_(musician)"]}]}},"_links":{"self":[{"href":"https:\/\/www.bach-bogen.de\/blog\/thecelloupgrade\/wp-json\/wp\/v2\/pages\/12","targetHints":{"allow":["GET"]}}],"collection":[{"href":"https:\/\/www.bach-bogen.de\/blog\/thecelloupgrade\/wp-json\/wp\/v2\/pages"}],"about":[{"href":"https:\/\/www.bach-bogen.de\/blog\/thecelloupgrade\/wp-json\/wp\/v2\/types\/page"}],"author":[{"embeddable":true,"href":"https:\/\/www.bach-bogen.de\/blog\/thecelloupgrade\/wp-json\/wp\/v2\/users\/1"}],"replies":[{"embeddable":true,"href":"https:\/\/www.bach-bogen.de\/blog\/thecelloupgrade\/wp-json\/wp\/v2\/comments?post=12"}],"version-history":[{"count":2,"href":"https:\/\/www.bach-bogen.de\/blog\/thecelloupgrade\/wp-json\/wp\/v2\/pages\/12\/revisions"}],"predecessor-version":[{"id":1147,"href":"https:\/\/www.bach-bogen.de\/blog\/thecelloupgrade\/wp-json\/wp\/v2\/pages\/12\/revisions\/1147"}],"wp:attachment":[{"href":"https:\/\/www.bach-bogen.de\/blog\/thecelloupgrade\/wp-json\/wp\/v2\/media?parent=12"}],"curies":[{"name":"wp","href":"https:\/\/api.w.org\/{rel}","templated":true}]}}